{"id":1343,"date":"2025-09-22T08:59:10","date_gmt":"2025-09-22T08:59:10","guid":{"rendered":"https:\/\/www.teeksu.fi\/?page_id=1343"},"modified":"2025-09-22T08:59:10","modified_gmt":"2025-09-22T08:59:10","slug":"jaseneksi-liittyminen","status":"publish","type":"page","link":"http:\/\/www.teeksu.fi\/index.php\/jaseneksi-liittyminen\/","title":{"rendered":"J\u00e4seneksi Liittyminen"},"content":{"rendered":"\n<p>T\u00e4yt\u00e4 t\u00e4m\u00e4 lomake liitty\u00e4ksesi TeekSun j\u00e4seneksi. Lomakkeen alussa on j\u00e4senmaksun maksuohjeet. Toivoisin, ett\u00e4 my\u00f6s vanhat j\u00e4senet t\u00e4ytt\u00e4v\u00e4t lomakkeen TeekSun j\u00e4senrekisterin yll\u00e4pidon takia.<\/p>\n\n\n<p><a href=\"https:\/\/docs.google.com\/forms\/d\/e\/1FAIpQLSfSr8puYDtt-hJonttW8PnSy1ojkhIdp5qA0WnIWsDswzlLJQ\/viewform?usp=header\">Lomake<\/a><\/p>\n\n\n<p><\/p>\n","protected":false},"excerpt":{"rendered":"<p>T\u00e4yt\u00e4 t\u00e4m\u00e4 lomake liitty\u00e4ksesi TeekSun j\u00e4seneksi. Lomakkeen alussa on j\u00e4senmaksun maksuohjeet. Toivoisin, ett\u00e4 my\u00f6s vanhat j\u00e4senet t\u00e4ytt\u00e4v\u00e4t lomakkeen TeekSun j\u00e4senrekisterin yll\u00e4pidon takia. Lomake<\/p>\n","protected":false},"author":1,"featured_media":0,"parent":0,"menu_order":0,"comment_status":"closed","ping_status":"closed","template":"","meta":{"footnotes":""},"class_list":["post-1343","page","type-page","status-publish","hentry"],"_links":{"self":[{"href":"http:\/\/www.teeksu.fi\/index.php\/wp-json\/wp\/v2\/pages\/1343","targetHints":{"allow":["GET"]}}],"collection":[{"href":"http:\/\/www.teeksu.fi\/index.php\/wp-json\/wp\/v2\/pages"}],"about":[{"href":"http:\/\/www.teeksu.fi\/index.php\/wp-json\/wp\/v2\/types\/page"}],"author":[{"embeddable":true,"href":"http:\/\/www.teeksu.fi\/index.php\/wp-json\/wp\/v2\/users\/1"}],"replies":[{"embeddable":true,"href":"http:\/\/www.teeksu.fi\/index.php\/wp-json\/wp\/v2\/comments?post=1343"}],"version-history":[{"count":1,"href":"http:\/\/www.teeksu.fi\/index.php\/wp-json\/wp\/v2\/pages\/1343\/revisions"}],"predecessor-version":[{"id":1346,"href":"http:\/\/www.teeksu.fi\/index.php\/wp-json\/wp\/v2\/pages\/1343\/revisions\/1346"}],"wp:attachment":[{"href":"http:\/\/www.teeksu.fi\/index.php\/wp-json\/wp\/v2\/media?parent=1343"}],"curies":[{"name":"wp","href":"https:\/\/api.w.org\/{rel}","templated":true}]}}