{"id":368,"date":"2013-09-10T08:07:22","date_gmt":"2013-09-10T05:07:22","guid":{"rendered":"http:\/\/teeksu.ayy.fi\/wordpress\/?page_id=368"},"modified":"2024-08-29T08:09:35","modified_gmt":"2024-08-29T08:09:35","slug":"teeksu-cup-saannot","status":"publish","type":"page","link":"http:\/\/www.teeksu.fi\/index.php\/teeksu-cup-saannot\/","title":{"rendered":"Cup"},"content":{"rendered":"<p>TeekSu-cup on lukuvuosittainen mittelys, jossa ker\u00e4t\u00e4\u00e4n pisteit\u00e4 saunailloista ja muista TeekSun j\u00e4rjest\u00e4mist\u00e4 tapahtumista. Eniten pisteit\u00e4 ker\u00e4nneet miehet ja naiset palkitaan lukuvuoden j\u00e4lkeen himoituilla kiertopalkinnoilla.<\/p>\n<p>Pisteit\u00e4 kertyy eri tapahtumista seuraavasti:<\/p>\n<p>1. Jokkerin ventin suorittaminen Jokkeri-vuorolla: A 200p B 150 C 100p D 50p. (Jokkeri-vuoro = kaikille j\u00e4senille avoin eik\u00e4 vaadi lis\u00e4maksua)<\/p>\n<p>2. Kaljamailin suorittaminen valvotusti TeekSun saunaillan yhteydess\u00e4 (mahdollisuus kahteen pistepottiin lukuvuodessa): 500p<\/p>\n<p>3. Saunailtaskaboissa pisteit\u00e4 jaetaan seuraavasti:<\/p>\n<p>Osallistujat j\u00e4rjestet\u00e4\u00e4n paremmuusj\u00e4rjestykseen (naiset ja miehet erikseen). Olkoon osallistujan sijoitus s ja osallistujien m\u00e4\u00e4r\u00e4 N. Osallistujan pistem\u00e4\u00e4r\u00e4: round(1000-(s-1)\/(N-1)*500)<\/p>\n<p>Paremmuusj\u00e4rjestyksen m\u00e4\u00e4r\u00e4ytyminen suunnistuskilpailussa:<br \/>\n1) Hylsyjen m\u00e4\u00e4r\u00e4 2) Aika<\/p>\n<p>Yhdeksi hylsyksi lasketaan esimerkiksi kielletyn kohteen ylitt\u00e4minen tai puuttuva leima rastilta. Tyypillisess\u00e4 saunailtaskabassa leimaus tapahtuu koskettamalla rastinauhaa. Jos kilpailija on etsinyt rastia oikeasta paikasta eik\u00e4 ole silti l\u00f6yt\u00e4nyt rastia, m\u00e4\u00e4r\u00e4t\u00e4\u00e4n h\u00e4nelle hylsyn sijaan 5min sakko. Kilpailija vastaa ensisijaisesti itse hylsyjens\u00e4 ja sakkojensa laskemisesta ja ilmoittamisesta ratamestarille. Reilun pelin hengess\u00e4 kilpailijoilta toivotaan t\u00e4ss\u00e4 tarkkuutta ja suoraselk\u00e4isyytt\u00e4.<\/p>\n<p>4. Saunailtaskaban ratamestari\u00a0saa 1000p. Ratamestaria\u00a0ei huomioida skaban pistelaskussa, vaikka h\u00e4n olisikin siin\u00e4 mukana.<\/p>\n<p>5. Saunaillan j\u00e4rjestelyiss\u00e4 avustamisesta saa 750p, mik\u00e4li j\u00e4rjestelyteht\u00e4v\u00e4t est\u00e4v\u00e4t osallistumisen saunailtaskabaan. Muussa tapauksessa avustaja voi osallistua normaalisti skabaan ja h\u00e4net huomioidaan pistelaskussa. Kuitenkin, mik\u00e4li avustajan hylsyjen m\u00e4\u00e4r\u00e4 on korkeintaan 0, h\u00e4nen pistem\u00e4\u00e4r\u00e4kseen tulee v\u00e4hint\u00e4\u00e4n 750p. Avustaja, joka ilman j\u00e4rjestelyteht\u00e4vien aiheuttamaa estett\u00e4 j\u00e4tt\u00e4\u00e4 osallistumatta skabaan, saa 500p.<\/p>\n<p>6. Henkil\u00f6t, jotka osallistuvat saunailtaan, mutta eiv\u00e4t saunailtaskabaan tai saunaillan j\u00e4rjestelyihin, saavat 100p.<\/p>\n<p>7. Baariletkaan osallistumisesta saa: (osallistujien m\u00e4\u00e4r\u00e4*50) pistett\u00e4. Baariletka on saunaillan j\u00e4lkeen y\u00f6kerhoon\/baariin\/pubiin suuntautunut v\u00e4hint\u00e4\u00e4n kahden osallistujan letka. Osallistujiksi lasketaan mukana olevat my\u00f6s saunailtaan osallistuneet henkil\u00f6t. Kahden osallistujan letkasta saa siis 100 pistett\u00e4 ja suuremmilla osallistujam\u00e4\u00e4rill\u00e4 pistem\u00e4\u00e4r\u00e4 kasvaa 50 pistett\u00e4 osallistujaa kohden. Osallistujam\u00e4\u00e4r\u00e4 lasketaan letkan kuvatodisteesta.<\/p>\n<p>8. Pikkujouluissa jaetaan pisteit\u00e4 kuten normaalissa saunaillassa kohtien 3-7 mukaisesti. Pikkujouluissa saunailtaskabana toimii Pikkujoulusuunnistus. T\u00e4m\u00e4n lis\u00e4ksi Pikkujoulujen pistepottia voi kartuttaa osallistumalla P\u00e4\u00e4lafkajuoksuun, jonka pistelasku toimii kuten saunailtaskabassa kohdan 3 mukaisesti. Lopuksi koko Pikkujoulujen pistepotti tuplataan.<\/p>\n<p>9. Teeksun puheenjohtajan p\u00e4\u00e4t\u00f6ksell\u00e4 voidaan j\u00e4rjest\u00e4\u00e4 lis\u00e4tapahtumia joiden pistelasku m\u00e4\u00e4r\u00e4t\u00e4\u00e4n erikseen. Muuten pisteit\u00e4 jaetaan vain kohtien 1-8 mukaan lukuvuoden ensimm\u00e4isest\u00e4 saunaillasta lukuvuoden viimeiseen saunailtaan asti.<\/p>\n","protected":false},"excerpt":{"rendered":"<p>TeekSu-cup on lukuvuosittainen mittelys, jossa ker\u00e4t\u00e4\u00e4n pisteit\u00e4 saunailloista ja muista TeekSun j\u00e4rjest\u00e4mist\u00e4 tapahtumista. Eniten pisteit\u00e4 ker\u00e4nneet miehet ja naiset palkitaan lukuvuoden j\u00e4lkeen himoituilla kiertopalkinnoilla. Pisteit\u00e4 kertyy eri tapahtumista seuraavasti: 1. Jokkerin ventin suorittaminen Jokkeri-vuorolla: A 200p B 150 C 100p D 50p. (Jokkeri-vuoro = kaikille j\u00e4senille avoin eik\u00e4 vaadi lis\u00e4maksua) 2. Kaljamailin suorittaminen valvotusti TeekSun [&hellip;]<\/p>\n","protected":false},"author":1,"featured_media":0,"parent":0,"menu_order":0,"comment_status":"open","ping_status":"open","template":"","meta":{"footnotes":""},"class_list":["post-368","page","type-page","status-publish","hentry"],"_links":{"self":[{"href":"http:\/\/www.teeksu.fi\/index.php\/wp-json\/wp\/v2\/pages\/368","targetHints":{"allow":["GET"]}}],"collection":[{"href":"http:\/\/www.teeksu.fi\/index.php\/wp-json\/wp\/v2\/pages"}],"about":[{"href":"http:\/\/www.teeksu.fi\/index.php\/wp-json\/wp\/v2\/types\/page"}],"author":[{"embeddable":true,"href":"http:\/\/www.teeksu.fi\/index.php\/wp-json\/wp\/v2\/users\/1"}],"replies":[{"embeddable":true,"href":"http:\/\/www.teeksu.fi\/index.php\/wp-json\/wp\/v2\/comments?post=368"}],"version-history":[{"count":5,"href":"http:\/\/www.teeksu.fi\/index.php\/wp-json\/wp\/v2\/pages\/368\/revisions"}],"predecessor-version":[{"id":1059,"href":"http:\/\/www.teeksu.fi\/index.php\/wp-json\/wp\/v2\/pages\/368\/revisions\/1059"}],"wp:attachment":[{"href":"http:\/\/www.teeksu.fi\/index.php\/wp-json\/wp\/v2\/media?parent=368"}],"curies":[{"name":"wp","href":"https:\/\/api.w.org\/{rel}","templated":true}]}}