{"id":12,"date":"2013-08-16T12:17:18","date_gmt":"2013-08-16T09:17:18","guid":{"rendered":"http:\/\/teeksu.ayy.fi\/wordpress\/?page_id=12"},"modified":"2024-11-14T20:24:25","modified_gmt":"2024-11-14T20:24:25","slug":"teeksu","status":"publish","type":"page","link":"https:\/\/www.teeksu.fi\/index.php\/teeksu\/","title":{"rendered":"TeekSu"},"content":{"rendered":"\n<div data-wp-interactive=\"core\/file\" class=\"wp-block-file\"><object data-wp-bind--hidden=\"!state.hasPdfPreview\" hidden class=\"wp-block-file__embed\" data=\"http:\/\/www.teeksu.fi\/wp-content\/uploads\/2024\/01\/TeekSu-saannot-2022.pdf\" type=\"application\/pdf\" style=\"width:100%;height:200px\" aria-label=\"Tiedoston &lt;strong&gt;TeekSu s\u00e4\u00e4nn\u00f6t 2022&lt;\/strong&gt; upotus.\"><\/object><a id=\"wp-block-file--media-8b658a31-df2c-4ed6-ab41-9a7e5093da03\" href=\"http:\/\/www.teeksu.fi\/wp-content\/uploads\/2024\/01\/TeekSu-saannot-2022.pdf\"><strong>TeekSu s\u00e4\u00e4nn\u00f6t 2022<\/strong><\/a><a href=\"http:\/\/www.teeksu.fi\/wp-content\/uploads\/2024\/01\/TeekSu-saannot-2022.pdf\" class=\"wp-block-file__button wp-element-button\" download aria-describedby=\"wp-block-file--media-8b658a31-df2c-4ed6-ab41-9a7e5093da03\">Lataa<\/a><\/div>\n\n\n\n<p>TeekSun lyhyt historia<\/p>\n\n\n\n<p>Tarina Teekkarisuunnistajista alkaa er\u00e4\u00e4n\u00e4 pime\u00e4n\u00e4 itsen\u00e4isyysp\u00e4iv\u00e4n y\u00f6n\u00e4 vuonna 1981. Kuun valaisemassa mets\u00e4ss\u00e4 joukko seikkailunhaluisia teekkareita vaelsi, kompassit kourassa ja kartat k\u00e4\u00e4ntyillen. N\u00e4m\u00e4 opiskelijat eiv\u00e4t olleet tavanomaisia suunnistajia; heit\u00e4 johti into l\u00f6yt\u00e4\u00e4 paikkoja, joissa kukaan muu ei ollut viel\u00e4 k\u00e4ynyt \u2013 tai ehk\u00e4 uskaltautunut k\u00e4ym\u00e4\u00e4n.<\/p>\n\n\n\n<p>Kun kello l\u00f6i kaksitoista, koko ryhm\u00e4 oli p\u00e4\u00e4ssyt perille m\u00e4\u00e4r\u00e4np\u00e4\u00e4h\u00e4ns\u00e4: keskelle Otaniemen mets\u00e4\u00e4, kuusen alla nuotion loimussa. Siin\u00e4 hetken\u00e4 syntyi Teekkarisuunnistajat ry, ei vain suunnistusseurana, vaan mystisen mets\u00e4n, karttaviidakon ja iltarastien veljeskuntana.<\/p>\n\n\n\n<p>Ensimm\u00e4isin\u00e4 vuosina Teekkarisuunnistajien tapahtumissa oli l\u00e4hes rituaalinomaista tunnelmaa. Kartat piilotettiin ymp\u00e4ri Otanieme\u00e4, ja j\u00e4senet saivat suunnata kulkunsa niit\u00e4 etsim\u00e4\u00e4n erikoisten vihjeiden ja arvoitusten perusteella. Usein tapahtumiin liittyi my\u00f6s j\u00e4nnitt\u00e4vi\u00e4 &#8221;ekstrahaasteita&#8221; \u2013 esimerkiksi teht\u00e4vi\u00e4, joissa suunnistajien piti navigoida maaliin my\u00f6s pime\u00e4n aikaan ilman taskulamppua tai selviyty\u00e4 kostean Otaniemen soisessa maastossa kaatosateen piiskatessa.<\/p>\n\n\n\n<p>90-luvulle tultaessa Teekkarisuunnistajat olivat jo legendaarinen n\u00e4ky AYYtoiminnassa. Sanotaan, ett\u00e4 joskus iltarastien aikaan Otaniemen metsiss\u00e4 on kuultu y\u00f6llist\u00e4 huutelua ja erikoisia nauruja, kun suunnistajat ovat harhailleet polulta poiketen, toinen toistaan kohti \u00e4\u00e4nekk\u00e4\u00e4sti neuvoen. Vuosien saatossa yh\u00e4 useampi j\u00e4sen on liittynyt mukaan t\u00e4h\u00e4n &#8221;karttakeppien klaaniin&#8221;, ja pian iltarasteista ja muista yhteisist\u00e4 suunnistustapahtumista tuli perinteit\u00e4, joita monet muutkin kampusalueen opiskelijat halusivat p\u00e4\u00e4st\u00e4 todistamaan \u2013 tai ainakin kuuntelemaan kertomuksia n\u00e4ist\u00e4 uskomattomista reissuista.<\/p>\n\n\n\n<p>Yhdistys on vuosien varrella tunnettu kekseli\u00e4ist\u00e4 tempauksistaan. Er\u00e4\u00e4ss\u00e4 ikimuistoisessa tapahtumassa suunnistajat saivat kartan sijasta pelk\u00e4st\u00e4\u00e4n listan Otaniemen kummallisimmista rakennuksista ja saivat reitin varrella vihjeit\u00e4 suuntansa l\u00f6yt\u00e4miseen &#8221;teekkarihenkeen&#8221; sopivilla arvoituksilla. T\u00e4st\u00e4 tuli heti hitti \u2013 ja viel\u00e4 nyky\u00e4\u00e4nkin j\u00e4rjestet\u00e4\u00e4n &#8221;teekkariratoja&#8221;, joissa suunnistus ei aina etene perinteisin askelmerkein.<\/p>\n\n\n\n<p>Nykyisin Teekkarisuunnistajat jatkavat t\u00e4t\u00e4 hupaisaa, salaper\u00e4ist\u00e4 ja joskus jopa v\u00e4h\u00e4n hullua perinnett\u00e4. Joka vuosi uusia innokkaita teekkareita astuu polulle ja liittyy t\u00e4h\u00e4n ainutlaatuiseen suunnistusseikkailuun, jossa koskaan ei ole tiedossa, millaisia mutkia matkaan mahtuu. Vanhojen legendojen mukaan jokainen suunnistaja, joka eksyy mets\u00e4\u00e4n, on askeleen l\u00e4hemp\u00e4n\u00e4 l\u00f6yt\u00e4m\u00e4\u00e4n oman suunnistuksen salaisuutensa \u2013 ja jokaisen uuden kartan mukana piilee uusi, odottamaton seikkailu.<\/p>\n\n\n\n<p><a href=\"https:\/\/teeksu.fi\/wp-login.php?action=register\">https:\/\/teeksu.fi\/wp-login.php?action=register<\/a><\/p>\n\n\n\n<p><\/p>\n","protected":false},"excerpt":{"rendered":"<p>TeekSun lyhyt historia Tarina Teekkarisuunnistajista alkaa er\u00e4\u00e4n\u00e4 pime\u00e4n\u00e4 itsen\u00e4isyysp\u00e4iv\u00e4n y\u00f6n\u00e4 vuonna 1981. Kuun valaisemassa mets\u00e4ss\u00e4 joukko seikkailunhaluisia teekkareita vaelsi, kompassit kourassa ja kartat k\u00e4\u00e4ntyillen. N\u00e4m\u00e4 opiskelijat eiv\u00e4t olleet tavanomaisia suunnistajia; heit\u00e4 johti into l\u00f6yt\u00e4\u00e4 paikkoja, joissa kukaan muu ei ollut viel\u00e4 k\u00e4ynyt \u2013 tai ehk\u00e4 uskaltautunut k\u00e4ym\u00e4\u00e4n. Kun kello l\u00f6i kaksitoista, koko ryhm\u00e4 oli p\u00e4\u00e4ssyt [&hellip;]<\/p>\n","protected":false},"author":1,"featured_media":1180,"parent":0,"menu_order":0,"comment_status":"closed","ping_status":"closed","template":"","meta":{"footnotes":""},"class_list":["post-12","page","type-page","status-publish","has-post-thumbnail","hentry"],"_links":{"self":[{"href":"https:\/\/www.teeksu.fi\/index.php\/wp-json\/wp\/v2\/pages\/12","targetHints":{"allow":["GET"]}}],"collection":[{"href":"https:\/\/www.teeksu.fi\/index.php\/wp-json\/wp\/v2\/pages"}],"about":[{"href":"https:\/\/www.teeksu.fi\/index.php\/wp-json\/wp\/v2\/types\/page"}],"author":[{"embeddable":true,"href":"https:\/\/www.teeksu.fi\/index.php\/wp-json\/wp\/v2\/users\/1"}],"replies":[{"embeddable":true,"href":"https:\/\/www.teeksu.fi\/index.php\/wp-json\/wp\/v2\/comments?post=12"}],"version-history":[{"count":5,"href":"https:\/\/www.teeksu.fi\/index.php\/wp-json\/wp\/v2\/pages\/12\/revisions"}],"predecessor-version":[{"id":1202,"href":"https:\/\/www.teeksu.fi\/index.php\/wp-json\/wp\/v2\/pages\/12\/revisions\/1202"}],"wp:featuredmedia":[{"embeddable":true,"href":"https:\/\/www.teeksu.fi\/index.php\/wp-json\/wp\/v2\/media\/1180"}],"wp:attachment":[{"href":"https:\/\/www.teeksu.fi\/index.php\/wp-json\/wp\/v2\/media?parent=12"}],"curies":[{"name":"wp","href":"https:\/\/api.w.org\/{rel}","templated":true}]}}