{"id":29,"date":"2013-08-16T12:26:08","date_gmt":"2013-08-16T09:26:08","guid":{"rendered":"http:\/\/teeksu.ayy.fi\/wordpress\/?page_id=29"},"modified":"2024-02-19T20:04:24","modified_gmt":"2024-02-19T20:04:24","slug":"linkit","status":"publish","type":"page","link":"https:\/\/www.teeksu.fi\/index.php\/linkit\/","title":{"rendered":"Linkit"},"content":{"rendered":"<h2><\/h2>\n<h2 style=\"text-align: center;\"><a href=\"https:\/\/pesupaikka.net\/\">Yleinen Pesupaikka<\/a><\/h2>\n<h2 style=\"text-align: center;\"><span style=\"line-height: 1.2em;\">NSM<\/span><\/h2>\n<p style=\"text-align: center;\"><a href=\"http:\/\/vilse.studorg.liu.se\/nsm2010\/\" target=\"_top\" rel=\"noopener noreferrer\">NSM 2010<\/a>, LiTHe Vilse, Link\u00f6ping<br \/>\n<a href=\"http:\/\/nsm2011.ol-ut.org\/\" target=\"_top\" rel=\"noopener noreferrer\">NSM 2011<\/a>, OL-UT, Turku<br \/>\n<a href=\"http:\/\/www.olacademy.se\/nsm2012\/start.php\" target=\"_top\" rel=\"noopener noreferrer\">NSM 2012<\/a>, OL-Academy, Karlskrona<\/p>\n<p style=\"text-align: center;\"><a href=\"https:\/\/www.facebook.com\/events\/357647311417653\/?active_tab=discussion\" target=\"_top\" rel=\"noopener noreferrer\">NSM 2018<\/a>, NTNUI, Trondheim<\/p>\n<p style=\"text-align: center;\"><a href=\"https:\/\/www.facebook.com\/events\/286571072013406\/?active_tab=discussion\" target=\"_top\" rel=\"noopener noreferrer\">NSM 2019<\/a>, OL-UT, Turku<\/p>\n<p style=\"text-align: center;\"><a href=\"https:\/\/www.facebook.com\/events\/783709798773043\/?active_tab=discussion\">NSM 2020<\/a>, KortSu, Jyv\u00e4skyl\u00e4 (Peruttu)<\/p>\n<p style=\"text-align: center;\"><a href=\"https:\/\/www.instagram.com\/nsmorientering\/\">NSM 2023<\/a>, NTNUI, Trondheim<\/p>\n<h2 style=\"text-align: center;\">OPISKELUPIIREIST\u00c4<\/h2>\n<p style=\"text-align: center;\"><a href=\"http:\/\/kepardi.cc.tut.fi\/\" target=\"_top\" rel=\"noopener noreferrer\">KeparDI<\/a>, Tampere<br \/>\n<a href=\"http:\/\/www.ol-ut.org\/\" target=\"_top\" rel=\"noopener noreferrer\">OL-UT<\/a>, Turku<br \/>\n<a href=\"http:\/\/www.kortsu.org\/\" target=\"_top\" rel=\"noopener noreferrer\">KortSu<\/a>, Jyv\u00e4skyl\u00e4<br \/>\n<a href=\"http:\/\/ojy.tky.fi\/suunnistus\/\" target=\"_top\" rel=\"noopener noreferrer\">Otaniemen Jyll\u00e4\u00e4j\u00e4t<\/a>, Espoo<br \/>\n<a href=\"http:\/\/www.chalmersol.se\/\" target=\"_top\" rel=\"noopener noreferrer\">COL<\/a>, G\u00f6teborg<br \/>\n<a href=\"http:\/\/kot.for.ths.kth.se\/\" target=\"_top\" rel=\"noopener noreferrer\">KOT<\/a>, Tukholma<br \/>\n<a href=\"http:\/\/www.studorg.liu.se\/vilse\/\" target=\"_top\" rel=\"noopener noreferrer\">LitHe Vilse<\/a>, Link\u00f6ping<br \/>\n<a href=\"http:\/\/www.acc.umu.se\/~myggan\/\" target=\"_top\" rel=\"noopener noreferrer\">Myggans OS<\/a>, Uumaja<br \/>\n<a href=\"http:\/\/www.bsk.bth.se\/~krog\/\" target=\"_top\" rel=\"noopener noreferrer\">KROG<\/a>, Karlskrona<br \/>\n<a href=\"http:\/\/org.ntnu.no\/ogruppa\/wp\/\" target=\"_top\" rel=\"noopener noreferrer\">NTNUI O-gruppa<\/a>, Trondheim<\/p>\n<h2 style=\"text-align: center;\">P\u00c4\u00c4KAUPUNKISEUDULTA<\/h2>\n<p style=\"text-align: center;\"><a href=\"http:\/\/www.suunnistavauusimaa.fi\/\" target=\"_top\" rel=\"noopener noreferrer\">Suunnistava Uusimaa<\/a><\/p>\n<p style=\"text-align: center;\"><a href=\"http:\/\/www.helsinginsuunnistajat.fi\/\" target=\"_top\" rel=\"noopener noreferrer\">Helsingin Suunnistajat<\/a><br \/>\n<a href=\"http:\/\/www.espoonsuunta.fi\/\" target=\"_top\" rel=\"noopener noreferrer\">Espoon Suunta<\/a><br \/>\n<a href=\"http:\/\/www.lynx.fi\/\" target=\"_top\" rel=\"noopener noreferrer\">Lynx<\/a>, Kirkkonummi<br \/>\n<a href=\"http:\/\/www.ok77.fi\/\" target=\"_top\" rel=\"noopener noreferrer\">OK 77<\/a>, Kauniainen<br \/>\n<a href=\"http:\/\/www.pihkaniskat.fi\/\" target=\"_top\" rel=\"noopener noreferrer\">Pihkaniskat<\/a>, Vantaa<br \/>\n<a href=\"http:\/\/www.rajamaenrykmentti.fi\/\" target=\"_top\" rel=\"noopener noreferrer\">Rajam\u00e4en Rykmentti<\/a>, Nurmij\u00e4rvi<\/p>\n<p style=\"text-align: center;\"><a href=\"http:\/\/www.leppavaaransisu.fi\/\" target=\"_top\" rel=\"noopener noreferrer\">Lepp\u00e4vaaran Sisu<\/a>, Espoo<br \/>\n<a href=\"http:\/\/www.espoonakilles.fi\/\" target=\"_top\" rel=\"noopener noreferrer\">Espoon Akilles<\/a><br \/>\n<a href=\"http:\/\/www.helsinginpoliisivoimailijat.fi\/\" target=\"_top\" rel=\"noopener noreferrer\">Helsingin Poliisi-Voimailijat<\/a><br \/>\n<a href=\"http:\/\/www.rastihaukat.fi\/\" target=\"_top\" rel=\"noopener noreferrer\">Rastihaukat<\/a>, Helsinki<br \/>\n<a href=\"http:\/\/raisulumous.sporttisaitti.com\/\" target=\"_top\" rel=\"noopener noreferrer\">Raisu Lumous<\/a>, Vantaa<\/p>\n","protected":false},"excerpt":{"rendered":"<p>Yleinen Pesupaikka NSM NSM 2010, LiTHe Vilse, Link\u00f6ping NSM 2011, OL-UT, Turku NSM 2012, OL-Academy, Karlskrona NSM 2018, NTNUI, Trondheim NSM 2019, OL-UT, Turku NSM 2020, KortSu, Jyv\u00e4skyl\u00e4 (Peruttu) NSM 2023, NTNUI, Trondheim OPISKELUPIIREIST\u00c4 KeparDI, Tampere OL-UT, Turku KortSu, Jyv\u00e4skyl\u00e4 Otaniemen Jyll\u00e4\u00e4j\u00e4t, Espoo COL, G\u00f6teborg KOT, Tukholma LitHe Vilse, Link\u00f6ping Myggans OS, Uumaja KROG, Karlskrona [&hellip;]<\/p>\n","protected":false},"author":1,"featured_media":0,"parent":0,"menu_order":0,"comment_status":"closed","ping_status":"closed","template":"","meta":{"footnotes":""},"class_list":["post-29","page","type-page","status-publish","hentry"],"_links":{"self":[{"href":"https:\/\/www.teeksu.fi\/index.php\/wp-json\/wp\/v2\/pages\/29","targetHints":{"allow":["GET"]}}],"collection":[{"href":"https:\/\/www.teeksu.fi\/index.php\/wp-json\/wp\/v2\/pages"}],"about":[{"href":"https:\/\/www.teeksu.fi\/index.php\/wp-json\/wp\/v2\/types\/page"}],"author":[{"embeddable":true,"href":"https:\/\/www.teeksu.fi\/index.php\/wp-json\/wp\/v2\/users\/1"}],"replies":[{"embeddable":true,"href":"https:\/\/www.teeksu.fi\/index.php\/wp-json\/wp\/v2\/comments?post=29"}],"version-history":[{"count":0,"href":"https:\/\/www.teeksu.fi\/index.php\/wp-json\/wp\/v2\/pages\/29\/revisions"}],"wp:attachment":[{"href":"https:\/\/www.teeksu.fi\/index.php\/wp-json\/wp\/v2\/media?parent=29"}],"curies":[{"name":"wp","href":"https:\/\/api.w.org\/{rel}","templated":true}]}}