{"id":740,"date":"2020-08-28T12:10:03","date_gmt":"2020-08-28T09:10:03","guid":{"rendered":"http:\/\/teeksu.ayy.fi\/wordpress\/?page_id=740"},"modified":"2024-01-09T12:49:34","modified_gmt":"2024-01-09T12:49:34","slug":"polisprint","status":"publish","type":"page","link":"https:\/\/www.teeksu.fi\/index.php\/polisprint\/","title":{"rendered":"Polisprint 2020"},"content":{"rendered":"<div class=\"i_love_wordpress\" style=\"display: flex; flex-flow: row; justify-content: center\">\n<div class=\"wp-block-image\"><figure class=\"aligncenter size-large is-resized\"><img loading=\"lazy\" decoding=\"async\" src=\"https:\/\/teeksu.ayy.fi\/wordpress\/wp-content\/uploads\/2020\/09\/teeksu_logo-1.png\" alt=\"\" class=\"wp-image-755\" width=\"72\" height=\"82\" srcset=\"https:\/\/www.teeksu.fi\/wp-content\/uploads\/2020\/09\/teeksu_logo-1.png 735w, https:\/\/www.teeksu.fi\/wp-content\/uploads\/2020\/09\/teeksu_logo-1-264x300.png 264w\" sizes=\"auto, (max-width: 72px) 100vw, 72px\" \/><\/figure><\/div>\n<div class=\"wp-block-image\"><figure class=\"aligncenter size-large is-resized\"><img loading=\"lazy\" decoding=\"async\" src=\"https:\/\/espoonsuunta.fi\/wp-content\/uploads\/2015\/04\/Essulogo.png\" alt=\"\" width=\"75\" height=\"76\"><\/figure><\/div>\n<\/div>\n\n\n<p>TeekkariSuunnistajat j\u00e4rjest\u00e4\u00e4 Polisprintin 15.9.2020 Otaniemess\u00e4 yhdess\u00e4 Espoon Suunnan kanssa.<\/p>\n\n\n\n<figure class=\"wp-block-image size-large is-resized\"><img loading=\"lazy\" decoding=\"async\" width=\"1024\" height=\"768\" src=\"https:\/\/teeksu.ayy.fi\/wordpress\/wp-content\/uploads\/2020\/08\/photo_2020-08-28_12-25-53-1024x768.jpg\" alt=\"\" class=\"wp-image-744\" style=\"width:512px;height:384px\" srcset=\"https:\/\/www.teeksu.fi\/wp-content\/uploads\/2020\/08\/photo_2020-08-28_12-25-53-1024x768.jpg 1024w, https:\/\/www.teeksu.fi\/wp-content\/uploads\/2020\/08\/photo_2020-08-28_12-25-53-300x225.jpg 300w, https:\/\/www.teeksu.fi\/wp-content\/uploads\/2020\/08\/photo_2020-08-28_12-25-53-768x576.jpg 768w, https:\/\/www.teeksu.fi\/wp-content\/uploads\/2020\/08\/photo_2020-08-28_12-25-53.jpg 1280w\" sizes=\"auto, (max-width: 1024px) 100vw, 1024px\" \/><\/figure>\n\n\n\n<p>Polisprint on kaikille avoin kuntosuunnistustapahtuma, jossa ratoja l\u00f6ytyy vasta-alkajista mestareihin. Otaniemen kampus tarjoaa turvallisen ja mielenkiintoisen, mutta my\u00f6s vauhdikkaan ja haastavan alueen kaupunkisuunnistustapahtumalle. Polisprintti on kaupunkisuunnistustapahtuma, jossa lenkkareita ei tarvitse kastella suossa, vaan ideana on ratkaista suunnistusteht\u00e4vi\u00e4 urbaanin Otaniemen sokkeloissa.<\/p>\n\n\n\n<p>Kaipaat sitten v\u00e4h\u00e4n erilaista iltalenkki\u00e4 tai olet valmistautumassa viikonlopun SM-sprinttikilpailuihin, Polisprint sopii juuri sinulle.<\/p>\n\n\n\n<p>Tapahtumaan ei tarvitse ennakkoilmoittautua vaan riitt\u00e4\u00e4, kun saavut paikan p\u00e4\u00e4lle. L\u00e4hd\u00f6t suunnistuksiin tapahtuvat vapaavalintaisesti aikav\u00e4lill\u00e4 klo 16.30-18.30. Tarjolla on kaksi sprintti\u00e4, joissa molemmissa on 3 eri ratavaihtoehtoa. Ratavaihtoehdot ovat Elite Long, Elite Short ja Beginners. T\u00e4m\u00e4n lis\u00e4ksi yhdell\u00e4 sprintiss\u00e4 on my\u00f6s tarjolla Teeksu Special rata.<\/p>\n\n\n\n<p>Osallistumismaksut ovat yhdelle radalle 10\u20ac (alle 17v 5\u20ac) tai kahdelle radalle 15\u20ac (alle 17v 8\u20ac). Maksuvaihtoehdot: k\u00e4teinen, pankkikortti, Rastilippu, Smartum Liikuntaseteli, Smartum Kulttuuriseteli, SmartumPay-sovellus, Virike-seteli ja Tyky-kuntoseteli.<\/p>\n\n\n\n<p><a href=\"https:\/\/www.teeksu.fi\/index.php\/polisprint-karttapalat\/\" data-type=\"page\" data-id=\"772\">Karttapalat<\/a><\/p>\n\n\n\n<p><a href=\"https:\/\/www.teeksu.fi\/index.php\/polisprint-covid-19-ohje\/\" data-type=\"page\" data-id=\"781\">Korona-ohje<\/a><\/p>\n\n\n\n<p><a href=\"https:\/\/www.teeksu.fi\/index.php\/polisprint-2020-tapahtumaohjeet\/\" data-type=\"page\" data-id=\"787\">Tapahtumaohje<\/a><\/p>\n\n\n\n<p><a href=\"https:\/\/navisport.appspot.com\/events\/3fe77ec4-913d-44ca-a839-616aaf152f16\/results\/1de2b7da-b65a-438e-90ac-d3a8924cfebf\">Tulokset<\/a><\/p>\n\n\n\n<p><a href=\"https:\/\/flic.kr\/s\/aHsmQM2yGD\" target=\"_blank\" rel=\"noreferrer noopener\">Kisakuvia:<\/a><\/p>\n\n\n\n<p><a data-flickr-embed=\"true\" data-header=\"true\" href=\"https:\/\/www.flickr.com\/photos\/190232875@N06\/albums\/72157715984122541\" title=\"Polisprint 2020\"><img loading=\"lazy\" decoding=\"async\" src=\"https:\/\/live.staticflickr.com\/65535\/50345599013_7bfb010504_z.jpg\" alt=\"Polisprint 2020\" width=\"640\" height=\"480\"><\/a><script async=\"\" src=\"\/\/embedr.flickr.com\/assets\/client-code.js\" charset=\"utf-8\"><\/script><\/p>\n<\/div><figcaption>Kuvia saa julkaista vapaasti kun mainitsee kuvaajan (Teekkarisuunnistajat) tai tapahtuman (Polisprint)<\/figcaption><\/figure>\n\n\n\n<p>Tapahtuman p\u00e4\u00e4yhteisty\u00f6kumppanina toimii ravintola Fat Lizard. Tervetuloa herkuttelemaan ravintolaan, joka sijaitsee tapahtuman v\u00e4litt\u00f6m\u00e4ss\u00e4 l\u00e4heisyydess\u00e4, suunnistuksen j\u00e4lkeen. Suosittelemme p\u00f6yt\u00e4varausta joko nettisivulla&nbsp;<a rel=\"noreferrer noopener\" href=\"https:\/\/ravintolafatlizard.fi\/espoo\/varaukset\/\" target=\"_blank\">https:\/\/ravintolafatlizard.fi\/espoo\/varaukset\/<\/a>&nbsp;tai soittamalla&nbsp;020 127 7710<\/p>\n\n\n\n<figure class=\"wp-block-image aligncenter size-large\"><img decoding=\"async\" src=\"https:\/\/ravintolafatlizard.fi\/wp-content\/uploads\/2020\/02\/livingontheedge_black_150px.png\" alt=\"\"\/><\/figure>\n","protected":false},"excerpt":{"rendered":"<p>TeekkariSuunnistajat j\u00e4rjest\u00e4\u00e4 Polisprintin 15.9.2020 Otaniemess\u00e4 yhdess\u00e4 Espoon Suunnan kanssa. Polisprint on kaikille avoin kuntosuunnistustapahtuma, jossa ratoja l\u00f6ytyy vasta-alkajista mestareihin. Otaniemen kampus tarjoaa turvallisen ja mielenkiintoisen, mutta my\u00f6s vauhdikkaan ja haastavan alueen kaupunkisuunnistustapahtumalle. Polisprintti on kaupunkisuunnistustapahtuma, jossa lenkkareita ei tarvitse kastella suossa, vaan ideana on ratkaista suunnistusteht\u00e4vi\u00e4 urbaanin Otaniemen sokkeloissa. Kaipaat sitten v\u00e4h\u00e4n erilaista iltalenkki\u00e4 tai [&hellip;]<\/p>\n","protected":false},"author":1,"featured_media":0,"parent":0,"menu_order":0,"comment_status":"closed","ping_status":"closed","template":"","meta":{"footnotes":""},"class_list":["post-740","page","type-page","status-publish","hentry"],"_links":{"self":[{"href":"https:\/\/www.teeksu.fi\/index.php\/wp-json\/wp\/v2\/pages\/740","targetHints":{"allow":["GET"]}}],"collection":[{"href":"https:\/\/www.teeksu.fi\/index.php\/wp-json\/wp\/v2\/pages"}],"about":[{"href":"https:\/\/www.teeksu.fi\/index.php\/wp-json\/wp\/v2\/types\/page"}],"author":[{"embeddable":true,"href":"https:\/\/www.teeksu.fi\/index.php\/wp-json\/wp\/v2\/users\/1"}],"replies":[{"embeddable":true,"href":"https:\/\/www.teeksu.fi\/index.php\/wp-json\/wp\/v2\/comments?post=740"}],"version-history":[{"count":0,"href":"https:\/\/www.teeksu.fi\/index.php\/wp-json\/wp\/v2\/pages\/740\/revisions"}],"wp:attachment":[{"href":"https:\/\/www.teeksu.fi\/index.php\/wp-json\/wp\/v2\/media?parent=740"}],"curies":[{"name":"wp","href":"https:\/\/api.w.org\/{rel}","templated":true}]}}