{"id":787,"date":"2020-09-13T17:48:52","date_gmt":"2020-09-13T14:48:52","guid":{"rendered":"http:\/\/teeksu.ayy.fi\/wordpress\/?page_id=787"},"modified":"2020-09-13T17:48:52","modified_gmt":"2020-09-13T14:48:52","slug":"polisprint-2020-tapahtumaohjeet","status":"publish","type":"page","link":"https:\/\/www.teeksu.fi\/index.php\/polisprint-2020-tapahtumaohjeet\/","title":{"rendered":"Polisprint 2020 tapahtumaohjeet"},"content":{"rendered":"\n<p>P\u00e4iv\u00e4: Tiistai 15.9.2020<\/p>\n\n\n\n<p>L\u00e4hd\u00f6t: klo 16:30-18:30<\/p>\n\n\n\n<p>Aurinko laskee: 19:47<\/p>\n\n\n\n<p>Radat: K\u00e4yt\u00f6ss\u00e4 on 2 t\u00e4ysin eri sprinttialuetta, joissa molemmissa on tarjolla 3-4 ratavaihtoehtoa.<\/p>\n\n\n\n<figure class=\"wp-block-table\"><table><tbody><tr><td>Alue 1<\/td><td>matka lyhyint\u00e4 sallittua reitti\u00e4 (km)<\/td><td>Alue 2<\/td><td>matka lyhyint\u00e4 sallittua reitti\u00e4 (km)<\/td><\/tr><tr><td>Elite long<\/td><td>3,8<\/td><td>Elite long<\/td><td>3,3<\/td><\/tr><tr><td>Elite Short<\/td><td>3,3<\/td><td>Elite Short<\/td><td>2,6<\/td><\/tr><tr><td>Beginners<\/td><td>2,5<\/td><td>Beginners<\/td><td>1,3<\/td><\/tr><tr><td>TeekSu Special<\/td><td>3,6<\/td><td><\/td><td><\/td><\/tr><\/tbody><\/table><\/figure>\n\n\n\n<p>Gps-seuranta: Teeksu special radalla on tarjolla gpsseuranta ja liivit halukkaille. N\u00e4it\u00e4 jaetaan nii  kauan kuin riitt\u00e4\u00e4.<\/p>\n\n\n\n<p>Radoilla voi olla muutama tien ylitys, joissa on noudatettava karttaan suojatien kohdalle merkittyj\u00e4 ylityspaikkoja sek\u00e4 varovaisuutta.<\/p>\n\n\n\n<p>Tapahtumassa p\u00e4tee sprinttisuunnistuksen kielletyt kohteet. Linkist\u00e4 n\u00e4kee mitk\u00e4 n\u00e4m\u00e4 ovat. <a href=\"https:\/\/www.suunnistusliitto.fi\/system\/wp-content\/uploads\/2020\/02\/Sprintti-kielletyt_ja-vastaavat_sallitus_kohteet.pdf\" target=\"_blank\" rel=\"noreferrer noopener\">https:\/\/www.suunnistusliitto.fi\/system\/wp-content\/uploads\/2020\/02\/Sprintti-kielletyt_ja-vastaavat_sallitus_kohteet.pdf<\/a><\/p>\n\n\n\n<p>Kenk\u00e4suositus lenkkari tai nappulapohjainen suunnistuskenk\u00e4.<\/p>\n\n\n\n<p>Ilmoittautumiset ja maksut: Paikan p\u00e4\u00e4ll\u00e4: 1 rata 10 euroa (alle 17v 5e), 2 rataa 15 euroa (alle 17v 8e).<\/p>\n\n\n\n<p>Maksuvaihtoehdot: k\u00e4teinen, pankkikortti, Rastilippu, Smartum Liikuntaseteli, Smartum Kulttuuriseteli, SmartumPay-sovellus, Virike-seteli ja Tyky-kuntoseteli.<\/p>\n\n\n\n<p>Leimaus: Kilpailuissa on k\u00e4yt\u00f6ss\u00e4 EMIT-leimausj\u00e4rjestelm\u00e4. Tarvittaessa j\u00e4rjest\u00e4j\u00e4lt\u00e4 on saatavissa lainakortteja panttia vastaan.<\/p>\n\n\n\n<p>Kartta: Sprinttisuunnistuskartta, 1:4000\/2m, ajantasaistettu 9\/2020, Caj Snickars, Mikko Tervakangas. Kartta on vedenkest\u00e4v\u00e4\u00e4 paperia. J\u00e4rjest\u00e4j\u00e4 ei tarjoa karttamuoveja.<\/p>\n\n\n\n<p>Maasto: Otaniemen kampus- ja yritysalue on yksi Suomen parhaista alueista urbaaniin sprinttisuunnistukseen, sill\u00e4 maasto tarjoaa kovavauhtista etenemist\u00e4 ja kinkkisi\u00e4 reitinvalintateht\u00e4vi\u00e4 ilman turhaa kikkailua.<\/p>\n\n\n\n<p>Kilpailukeskus: Tietotie 1, 02150 Espoo. Autolla saapuessa varokaa jo startanneita juoksijoita. Opastus tapahtumakeskukseen on l\u00e4hell\u00e4 olevasta metro-asemasta.<\/p>\n\n\n\n<p>Pys\u00e4k\u00f6inti: Tapahtumassa ei ole virallista pys\u00e4k\u00f6int\u00e4. Auton voi j\u00e4tt\u00e4\u00e4 sallituille paikoille ymp\u00e4ri Otanieme\u00e4. Tapahtumakeskus sijaitsee 50m Otaniemen tietotien metroaseman sis\u00e4\u00e4nk\u00e4ynnist\u00e4. Suosittelemme ett\u00e4 k\u00e4yt\u00e4tte julkisia mahdolisuuksien mukaisesti.<\/p>\n\n\n\n<p>Tapahtuman <a href=\"https:\/\/teeksu.ayy.fi\/wordpress\/?page_id=781\">Korona-ohje<\/a> l\u00f6ytyy tapahtuman p\u00e4\u00e4sivulta.<\/p>\n\n\n\n<p>Tervetuloa sprinttaamaan syksyiseen Otaniemeen!<br>-Teekkarisuunnistajat ry ja Espoon Suunta<\/p>\n\n\n\n<p>Tapahtuma facebookissa:\u00a0<a href=\"https:\/\/www.facebook.com\/events\/295356105076290\" target=\"_blank\" rel=\"noreferrer noopener\">https:\/\/www.facebook.com\/events\/683186905532280\/<\/a><\/p>\n\n\n\n<p>\u2014\u2014\u2014\u2014\u2014\u2014\u2014\u2014\u2014\u2014\u2014\u2014\u2014\u2014\u2014\u2014\u2014\u2014\u2014\u2014\u2014\u2014\u2014\u2014\u2014\u2014\u2014\u2014\u2014<\/p>\n","protected":false},"excerpt":{"rendered":"<p>P\u00e4iv\u00e4: Tiistai 15.9.2020 L\u00e4hd\u00f6t: klo 16:30-18:30 Aurinko laskee: 19:47 Radat: K\u00e4yt\u00f6ss\u00e4 on 2 t\u00e4ysin eri sprinttialuetta, joissa molemmissa on tarjolla 3-4 ratavaihtoehtoa. Alue 1 matka lyhyint\u00e4 sallittua reitti\u00e4 (km) Alue 2 matka lyhyint\u00e4 sallittua reitti\u00e4 (km) Elite long 3,8 Elite long 3,3 Elite Short 3,3 Elite Short 2,6 Beginners 2,5 Beginners 1,3 TeekSu Special 3,6 [&hellip;]<\/p>\n","protected":false},"author":2,"featured_media":0,"parent":0,"menu_order":0,"comment_status":"closed","ping_status":"closed","template":"","meta":{"footnotes":""},"class_list":["post-787","page","type-page","status-publish","hentry"],"_links":{"self":[{"href":"https:\/\/www.teeksu.fi\/index.php\/wp-json\/wp\/v2\/pages\/787","targetHints":{"allow":["GET"]}}],"collection":[{"href":"https:\/\/www.teeksu.fi\/index.php\/wp-json\/wp\/v2\/pages"}],"about":[{"href":"https:\/\/www.teeksu.fi\/index.php\/wp-json\/wp\/v2\/types\/page"}],"author":[{"embeddable":true,"href":"https:\/\/www.teeksu.fi\/index.php\/wp-json\/wp\/v2\/users\/2"}],"replies":[{"embeddable":true,"href":"https:\/\/www.teeksu.fi\/index.php\/wp-json\/wp\/v2\/comments?post=787"}],"version-history":[{"count":0,"href":"https:\/\/www.teeksu.fi\/index.php\/wp-json\/wp\/v2\/pages\/787\/revisions"}],"wp:attachment":[{"href":"https:\/\/www.teeksu.fi\/index.php\/wp-json\/wp\/v2\/media?parent=787"}],"curies":[{"name":"wp","href":"https:\/\/api.w.org\/{rel}","templated":true}]}}