{"id":997,"date":"2024-01-31T21:37:40","date_gmt":"2024-01-31T21:37:40","guid":{"rendered":"https:\/\/www.teeksu.fi\/?page_id=997"},"modified":"2025-02-13T15:03:36","modified_gmt":"2025-02-13T15:03:36","slug":"tapahtumakalenteri","status":"publish","type":"page","link":"https:\/\/www.teeksu.fi\/index.php\/tapahtumakalenteri\/","title":{"rendered":"Tapahtumakalenteri"},"content":{"rendered":"<!-- NIMENHUUTO.COM KUUKAUSIKALENTERI -->\n<div style=\"text-align:center;background-color:#fff;border:0px;padding:0px;margin:0px;\">\n<span style=\"float: right; \"><a target=\"_parent\" href=\"https:\/\/nimenhuuto.com\/\" style=\"color: #ff8114; font-weight: bold; font-size: 20px; font-family: 'Myriad Pro', Helvetica, Arial; font-style: italic;\" rel=\"noopener\">Nimenhuuto.com<\/a><\/span>\n<div style=\"text-align:left;\"><a href=\"https:\/\/teeksu.nimenhuuto.com\/\" style=\"font-size:16px;text-decoration:none;color:#444;\">Teeksu kuukausikalenteri<\/a>\n<div>\u00bb <a style=\"color:#444; font-size: 12px;\" href=\"https:\/\/teeksu.nimenhuuto.com\/calendar\/monthly\">Kalenteri<\/a> \u00b7 <a style=\"color:#444; font-size: 12px;\" href=\"https:\/\/teeksu.nimenhuuto.com\/player\">Ilmoittautumiset<\/a><\/div><\/div>\n\n<iframe style=\"width:100%;height:550px;border:none;padding:0px;margin:10px 0px 10px 0px;allowtransparency:true;\" frameBorder=\"0\" src=\"https:\/\/teeksu.nimenhuuto.com\/calendar\/widget_iframe_monthly_calendar?css=&#038;height=550\" scrolling=\"auto\"><\/iframe>\n\n<\/div>\n<!-- \/NIMENHUUTO.COM KUUKAUSIKALENTERI -->\n\n\n<p>Toimintakalenteri vuodelle 2025:<\/p>\n\n\n\n<p>23.1. Tammikuun saunailta, Otaniemi<\/p>\n\n\n\n<p>6.2. Helmikuun saunailta ja vuosikokous, Vaasankatu<\/p>\n\n\n\n<p>12.2. Hiihtomestaruuskilpailut<\/p>\n\n\n\n<p>Helmikuu Hiihtosuunnistusmestaruuskilpailut<\/p>\n\n\n\n<p>20.3 Maaliskuun saunailta, Matinkyl\u00e4<\/p>\n\n\n\n<p>23.3. Salppurin 50km excursio<\/p>\n\n\n\n<p>14.4.\u00a0 Polisprint-tapahtuman j\u00e4rjest\u00e4minen<\/p>\n\n\n\n<p>23.4 Huhtikuun saunailta, Essun maja<\/p>\n\n\n\n<p>29.4 Kaljamaili, Otaniemi<\/p>\n\n\n\n<p>17.-18.5. SELL-kilpailut, Vierum\u00e4ki<\/p>\n\n\n\n<p>Elokuu Kes\u00e4p\u00e4iv\u00e4t<\/p>\n\n\n\n<p>Syyskuu Orientaatioviikon tapahtumat<\/p>\n\n\n\n<p>Syyskuu Saunailta<\/p>\n\n\n\n<p>Syksy Espoo Sprintticupin osakilpailun j\u00e4rjest\u00e4minen<\/p>\n\n\n\n<p>Lokakuu Saunailta<\/p>\n\n\n\n<p>Marraskuu Opiskelijoiden Pohjoismaiden suunnistusmestaruuskilpailut (NSM)<\/p>\n\n\n\n<p>Marraskuu Saunailta ja vaalikokous<\/p>\n\n\n\n<p>Marraskuu Sis\u00e4suunnistus, OtaniemiJoulukuu Pikkujoulut<\/p>\n\n\n\n<p><\/p>\n","protected":false},"excerpt":{"rendered":"<p>Nimenhuuto.com Teeksu kuukausikalenteri \u00bb Kalenteri \u00b7 Ilmoittautumiset Toimintakalenteri vuodelle 2025: 23.1. Tammikuun saunailta, Otaniemi 6.2. Helmikuun saunailta ja vuosikokous, Vaasankatu 12.2. Hiihtomestaruuskilpailut Helmikuu Hiihtosuunnistusmestaruuskilpailut 20.3 Maaliskuun saunailta, Matinkyl\u00e4 23.3. Salppurin 50km excursio 14.4.\u00a0 Polisprint-tapahtuman j\u00e4rjest\u00e4minen 23.4 Huhtikuun saunailta, Essun maja 29.4 Kaljamaili, Otaniemi 17.-18.5. SELL-kilpailut, Vierum\u00e4ki Elokuu Kes\u00e4p\u00e4iv\u00e4t Syyskuu Orientaatioviikon tapahtumat Syyskuu Saunailta Syksy Espoo [&hellip;]<\/p>\n","protected":false},"author":1,"featured_media":0,"parent":0,"menu_order":0,"comment_status":"closed","ping_status":"closed","template":"","meta":{"footnotes":""},"class_list":["post-997","page","type-page","status-publish","hentry"],"_links":{"self":[{"href":"https:\/\/www.teeksu.fi\/index.php\/wp-json\/wp\/v2\/pages\/997","targetHints":{"allow":["GET"]}}],"collection":[{"href":"https:\/\/www.teeksu.fi\/index.php\/wp-json\/wp\/v2\/pages"}],"about":[{"href":"https:\/\/www.teeksu.fi\/index.php\/wp-json\/wp\/v2\/types\/page"}],"author":[{"embeddable":true,"href":"https:\/\/www.teeksu.fi\/index.php\/wp-json\/wp\/v2\/users\/1"}],"replies":[{"embeddable":true,"href":"https:\/\/www.teeksu.fi\/index.php\/wp-json\/wp\/v2\/comments?post=997"}],"version-history":[{"count":1,"href":"https:\/\/www.teeksu.fi\/index.php\/wp-json\/wp\/v2\/pages\/997\/revisions"}],"predecessor-version":[{"id":1277,"href":"https:\/\/www.teeksu.fi\/index.php\/wp-json\/wp\/v2\/pages\/997\/revisions\/1277"}],"wp:attachment":[{"href":"https:\/\/www.teeksu.fi\/index.php\/wp-json\/wp\/v2\/media?parent=997"}],"curies":[{"name":"wp","href":"https:\/\/api.w.org\/{rel}","templated":true}]}}